{"id":629,"date":"2023-09-24T17:12:45","date_gmt":"2023-09-24T17:12:45","guid":{"rendered":"https:\/\/perspectify.de\/?page_id=629"},"modified":"2023-10-15T15:37:08","modified_gmt":"2023-10-15T15:37:08","slug":"fuehrungskompetezen-aufbauen","status":"publish","type":"page","link":"https:\/\/perspectify.de\/?page_id=629","title":{"rendered":"F\u00fchrungskompetezen aufbauen"},"content":{"rendered":"\t\t<div data-elementor-type=\"wp-page\" data-elementor-id=\"629\" class=\"elementor elementor-629\" data-elementor-post-type=\"page\">\n\t\t\t\t\t\t<section class=\"elementor-section elementor-top-section elementor-element elementor-element-66d2fb1e elementor-section-boxed elementor-section-height-default elementor-section-height-default\" data-id=\"66d2fb1e\" data-element_type=\"section\" data-settings=\"{&quot;background_background&quot;:&quot;classic&quot;}\">\n\t\t\t\t\t\t<div class=\"elementor-container elementor-column-gap-default\">\n\t\t\t\t\t<div class=\"elementor-column elementor-col-100 elementor-top-column elementor-element elementor-element-294d63aa\" data-id=\"294d63aa\" data-element_type=\"column\" data-settings=\"{&quot;background_background&quot;:&quot;classic&quot;}\">\n\t\t\t<div class=\"elementor-widget-wrap elementor-element-populated\">\n\t\t\t\t\t\t<div class=\"elementor-element elementor-element-6ca1ce12 elementor-widget elementor-widget-image\" data-id=\"6ca1ce12\" data-element_type=\"widget\" data-widget_type=\"image.default\">\n\t\t\t\t<div class=\"elementor-widget-container\">\n\t\t\t\t\t\t\t\t\t\t\t\t\t\t\t<img fetchpriority=\"high\" decoding=\"async\" width=\"1200\" height=\"252\" src=\"https:\/\/perspectify.de\/wp-content\/uploads\/2023\/08\/Ebene_1-2-3.svg\" class=\"attachment-full size-full wp-image-244\" alt=\"\" \/>\t\t\t\t\t\t\t\t\t\t\t\t\t\t\t<\/div>\n\t\t\t\t<\/div>\n\t\t\t\t<div class=\"elementor-element elementor-element-6776d2d1 elementor-widget elementor-widget-text-editor\" data-id=\"6776d2d1\" data-element_type=\"widget\" data-widget_type=\"text-editor.default\">\n\t\t\t\t<div class=\"elementor-widget-container\">\n\t\t\t\t\t\t\t\t\t<h1>Probleme in der F\u00fchrung<br \/>souver\u00e4n l\u00f6sen<\/h1>\t\t\t\t\t\t\t\t<\/div>\n\t\t\t\t<\/div>\n\t\t\t\t<div class=\"elementor-element elementor-element-73e396b5 elementor-widget elementor-widget-text-editor\" data-id=\"73e396b5\" data-element_type=\"widget\" data-widget_type=\"text-editor.default\">\n\t\t\t\t<div class=\"elementor-widget-container\">\n\t\t\t\t\t\t\t\t\t<div style=\"color: ##373737;\">F\u00fchrungskompetenzen aufbauen<\/div>\t\t\t\t\t\t\t\t<\/div>\n\t\t\t\t<\/div>\n\t\t\t\t\t<\/div>\n\t\t<\/div>\n\t\t\t\t\t<\/div>\n\t\t<\/section>\n\t\t\t\t<section class=\"elementor-section elementor-top-section elementor-element elementor-element-372738da elementor-section-boxed elementor-section-height-default elementor-section-height-default\" data-id=\"372738da\" data-element_type=\"section\" data-settings=\"{&quot;background_background&quot;:&quot;classic&quot;}\">\n\t\t\t\t\t\t<div class=\"elementor-container elementor-column-gap-default\">\n\t\t\t\t\t<div class=\"elementor-column elementor-col-100 elementor-top-column elementor-element elementor-element-386a034c\" data-id=\"386a034c\" data-element_type=\"column\">\n\t\t\t<div class=\"elementor-widget-wrap elementor-element-populated\">\n\t\t\t\t\t\t<div class=\"elementor-element elementor-element-3782c0d0 elementor-widget elementor-widget-heading\" data-id=\"3782c0d0\" data-element_type=\"widget\" data-widget_type=\"heading.default\">\n\t\t\t\t<div class=\"elementor-widget-container\">\n\t\t\t\t\t<h2 class=\"elementor-heading-title elementor-size-default\">Qualit\u00e4t der F\u00fchrungsarbeit<\/h2>\t\t\t\t<\/div>\n\t\t\t\t<\/div>\n\t\t\t\t<div class=\"elementor-element elementor-element-3e21d0e4 elementor-widget elementor-widget-text-editor\" data-id=\"3e21d0e4\" data-element_type=\"widget\" data-widget_type=\"text-editor.default\">\n\t\t\t\t<div class=\"elementor-widget-container\">\n\t\t\t\t\t\t\t\t\t<p>Das richtige Gesch\u00e4ftsmodell, zufriedene KundInnen und gute Ergebnisse sind wichtig, um als Unternehmen erfolgreich zu sein. Nur ist es nicht alles: H\u00e4ufig entscheidet die Qualit\u00e4t der F\u00fchrungsarbeit \u00fcber Erfolg oder Misserfolg. Doch die F\u00fchrungsaufgaben werden vielf\u00e4ltiger und anspruchsvoller. Um diese und k\u00fcnftige Herausforderungen zu meistern, brauchen F\u00fchrungskr\u00e4fte bew\u00e4hrte und neue Kompetenzen. Meine Seminare und Coachings geben daf\u00fcr das n\u00f6tige R\u00fcstzeug.<\/p>\t\t\t\t\t\t\t\t<\/div>\n\t\t\t\t<\/div>\n\t\t\t\t<div class=\"elementor-element elementor-element-1d77162c elementor-widget elementor-widget-text-editor\" data-id=\"1d77162c\" data-element_type=\"widget\" data-widget_type=\"text-editor.default\">\n\t\t\t\t<div class=\"elementor-widget-container\">\n\t\t\t\t\t\t\t\t\t<p><strong>1. Die Wechselbereitschaft der Mitarbeitenden nimmt zu.<\/strong><\/p><p>Die Mitarbeitenden sind unzufrieden, kommen nicht mehr gerne zur Arbeit und verlieren die Bindung zum Unternehmen. Die Fluktuation liegt h\u00f6her als in der Branche \u00fcblich.<\/p>\t\t\t\t\t\t\t\t<\/div>\n\t\t\t\t<\/div>\n\t\t\t\t<div class=\"elementor-element elementor-element-a807429 elementor-widget elementor-widget-text-editor\" data-id=\"a807429\" data-element_type=\"widget\" data-widget_type=\"text-editor.default\">\n\t\t\t\t<div class=\"elementor-widget-container\">\n\t\t\t\t\t\t\t\t\t<p><strong>2. Die Leistung und das Engagement sinken.<\/strong><\/p><p>Es fehlt Orientierung. Die Mitarbeitenden erbringen schwache Leistungen. Sie sind unzufrieden, leisten weniger und die Bereitschaft Verantwortung zu \u00fcbernehmen oder Vorschl\u00e4ge einzubringen sinkt.<\/p>\t\t\t\t\t\t\t\t<\/div>\n\t\t\t\t<\/div>\n\t\t\t\t\t<\/div>\n\t\t<\/div>\n\t\t\t\t\t<\/div>\n\t\t<\/section>\n\t\t\t\t<section class=\"elementor-section elementor-top-section elementor-element elementor-element-136a4728 elementor-section-boxed elementor-section-height-default elementor-section-height-default\" data-id=\"136a4728\" data-element_type=\"section\" data-settings=\"{&quot;background_background&quot;:&quot;classic&quot;}\">\n\t\t\t\t\t\t<div class=\"elementor-container elementor-column-gap-default\">\n\t\t\t\t\t<div class=\"elementor-column elementor-col-100 elementor-top-column elementor-element elementor-element-c35a4ed\" data-id=\"c35a4ed\" data-element_type=\"column\">\n\t\t\t<div class=\"elementor-widget-wrap elementor-element-populated\">\n\t\t\t\t\t\t<div class=\"elementor-element elementor-element-b73f972 elementor-widget elementor-widget-heading\" data-id=\"b73f972\" data-element_type=\"widget\" data-widget_type=\"heading.default\">\n\t\t\t\t<div class=\"elementor-widget-container\">\n\t\t\t\t\t<h2 class=\"elementor-heading-title elementor-size-default\">Konflikte behindern die Zusammenarbeit.<\/h2>\t\t\t\t<\/div>\n\t\t\t\t<\/div>\n\t\t\t\t<div class=\"elementor-element elementor-element-2681f7f1 elementor-widget elementor-widget-text-editor\" data-id=\"2681f7f1\" data-element_type=\"widget\" data-widget_type=\"text-editor.default\">\n\t\t\t\t<div class=\"elementor-widget-container\">\n\t\t\t\t\t\t\t\t\t<p>Die Stimmung leidet. Es wird viel Zeit f\u00fcr das Austragen von Konflikten aufgewendet. Auch der Austausch mit den benachbarten Abteilungen gestaltet sich schwierig. Aufgaben und Ziele geraten dadurch in den Hintergrund.<\/p>\t\t\t\t\t\t\t\t<\/div>\n\t\t\t\t<\/div>\n\t\t\t\t\t<\/div>\n\t\t<\/div>\n\t\t\t\t\t<\/div>\n\t\t<\/section>\n\t\t\t\t<section class=\"elementor-section elementor-top-section elementor-element elementor-element-604d6bc elementor-section-boxed elementor-section-height-default elementor-section-height-default\" data-id=\"604d6bc\" data-element_type=\"section\" data-settings=\"{&quot;background_background&quot;:&quot;classic&quot;}\">\n\t\t\t\t\t\t<div class=\"elementor-container elementor-column-gap-default\">\n\t\t\t\t\t<div class=\"elementor-column elementor-col-100 elementor-top-column elementor-element elementor-element-461d2cd\" data-id=\"461d2cd\" data-element_type=\"column\">\n\t\t\t<div class=\"elementor-widget-wrap elementor-element-populated\">\n\t\t\t\t\t\t<div class=\"elementor-element elementor-element-c47ebdc elementor-widget elementor-widget-heading\" data-id=\"c47ebdc\" data-element_type=\"widget\" data-widget_type=\"heading.default\">\n\t\t\t\t<div class=\"elementor-widget-container\">\n\t\t\t\t\t<h2 class=\"elementor-heading-title elementor-size-default\">Die Zufriedenheit der Kunden nimmt ab.<\/h2>\t\t\t\t<\/div>\n\t\t\t\t<\/div>\n\t\t\t\t<div class=\"elementor-element elementor-element-01c3af0 elementor-widget elementor-widget-text-editor\" data-id=\"01c3af0\" data-element_type=\"widget\" data-widget_type=\"text-editor.default\">\n\t\t\t\t<div class=\"elementor-widget-container\">\n\t\t\t\t\t\t\t\t\t<p>Perspektive zu verlieren. Da mit frischem Blick zahlreiche Optimierungsm\u00f6glichkeiten erkannt werden, gilt es auch auf die ideale Balance zwischen bewahren und ver\u00e4ndern zu achten.<\/p>\t\t\t\t\t\t\t\t<\/div>\n\t\t\t\t<\/div>\n\t\t\t\t\t<\/div>\n\t\t<\/div>\n\t\t\t\t\t<\/div>\n\t\t<\/section>\n\t\t\t\t<section class=\"elementor-section elementor-top-section elementor-element elementor-element-2a516da elementor-section-boxed elementor-section-height-default elementor-section-height-default\" data-id=\"2a516da\" data-element_type=\"section\" data-settings=\"{&quot;background_background&quot;:&quot;classic&quot;}\">\n\t\t\t\t\t\t<div class=\"elementor-container elementor-column-gap-default\">\n\t\t\t\t\t<div class=\"elementor-column elementor-col-100 elementor-top-column elementor-element elementor-element-2a781ff\" data-id=\"2a781ff\" data-element_type=\"column\">\n\t\t\t<div class=\"elementor-widget-wrap elementor-element-populated\">\n\t\t\t\t\t\t<div class=\"elementor-element elementor-element-706586e elementor-widget elementor-widget-heading\" data-id=\"706586e\" data-element_type=\"widget\" data-widget_type=\"heading.default\">\n\t\t\t\t<div class=\"elementor-widget-container\">\n\t\t\t\t\t<h2 class=\"elementor-heading-title elementor-size-default\">Gute F\u00fchrung ist erlernbar<\/h2>\t\t\t\t<\/div>\n\t\t\t\t<\/div>\n\t\t\t\t<div class=\"elementor-element elementor-element-a7ee3ff elementor-widget elementor-widget-text-editor\" data-id=\"a7ee3ff\" data-element_type=\"widget\" data-widget_type=\"text-editor.default\">\n\t\t\t\t<div class=\"elementor-widget-container\">\n\t\t\t\t\t\t\t\t\t<p>Erfolgreiche F\u00fchrung ist keine Zauberei, sondern eine Profession. F\u00fchrungskompetenz ist erlernbar. In Seminaren und Coachings unterst\u00fctze ich Teilnehmende dabei, gemeinsam mit ihren Mitarbeitenden das Unternehmen voranzubringen.<br \/><br \/>Nach 15 Jahren als F\u00fchrungskraft und durch meine Arbeit mit Coachees und Seminarteilnehmerinnen kenne ich die Praxis: die Herausforderung sich auf Wesentliches zu fokussieren, dem Wunsch den Anforderungen von allen Seiten gerecht zu werden, die Wirkung von Zeitdruck und hoher Belastung, die Motivation, alle Aufgaben gut und richtig zu bew\u00e4ltigen, den Zweifel und den Unterschied zwischen Lehrbuch und Praxis.<br \/><br \/>Durch diese praktische Erfahrung sowie durch meine Kompetenz in der systemischen Beratung und Verhaltenspsychologie verhelfe ich F\u00fchrungskr\u00e4ften zum Erfolg.<\/p>\t\t\t\t\t\t\t\t<\/div>\n\t\t\t\t<\/div>\n\t\t\t\t\t<\/div>\n\t\t<\/div>\n\t\t\t\t\t<\/div>\n\t\t<\/section>\n\t\t\t\t<section class=\"elementor-section elementor-top-section elementor-element elementor-element-1f437f5 elementor-section-boxed elementor-section-height-default elementor-section-height-default\" data-id=\"1f437f5\" data-element_type=\"section\" data-settings=\"{&quot;background_background&quot;:&quot;classic&quot;}\">\n\t\t\t\t\t\t<div class=\"elementor-container elementor-column-gap-default\">\n\t\t\t\t\t<div class=\"elementor-column elementor-col-100 elementor-top-column elementor-element elementor-element-2c7dc64\" data-id=\"2c7dc64\" data-element_type=\"column\">\n\t\t\t<div class=\"elementor-widget-wrap elementor-element-populated\">\n\t\t\t\t\t\t<div class=\"elementor-element elementor-element-8d0bdd7 elementor-widget elementor-widget-heading\" data-id=\"8d0bdd7\" data-element_type=\"widget\" data-widget_type=\"heading.default\">\n\t\t\t\t<div class=\"elementor-widget-container\">\n\t\t\t\t\t<h2 class=\"elementor-heading-title elementor-size-default\">L\u00f6sungen f\u00fcr Unternehmen und F\u00fchrungskr\u00e4fte<\/h2>\t\t\t\t<\/div>\n\t\t\t\t<\/div>\n\t\t\t\t<div class=\"elementor-element elementor-element-89338c5 elementor-widget elementor-widget-text-editor\" data-id=\"89338c5\" data-element_type=\"widget\" data-widget_type=\"text-editor.default\">\n\t\t\t\t<div class=\"elementor-widget-container\">\n\t\t\t\t\t\t\t\t\t<p>Gerne unterst\u00fctze ich Sie mit meinem fachlichen Knowhow und meiner Erfahrung \u2013 auf der Unternehmensebene und in der Zusammenarbeit mit einzelnen F\u00fchrungskr\u00e4ften. <br \/><br \/><span style=\"text-decoration: underline;\">Meine Leistungen sind:<\/span><br \/><br \/><strong>F\u00fcr Unternehmen<\/strong>:<br \/>Seminare und Teamworkshops, Coaching sowie Fallberatung<br \/><br \/><strong>F\u00fcr F\u00fchrungskr\u00e4fte<\/strong>:<br \/>Coaching zu F\u00e4llen aus der Praxis, Aufbau eines pers\u00f6nlichen Entwicklungsplans sowie Einzeltraining<br \/><br \/>Ob Training, Coaching oder Beratung: Ich bin es gewohnt, mich auf unterschiedliche Anforderungen, ungew\u00f6hnliche Fragestellungen und spezielle Herausforderungen einzustellen.<br \/><br \/>Damit die Ma\u00dfnahmen den gew\u00fcnschten Erfolg bringen, habe ich dabei das gro\u00dfe Ganze im Blick. Neben Qualifizierung ber\u00fccksichtige ich auch Rahmenbedingungen \u2013 wie Strukturen, Prozesse, Verantwortlichkeiten, Kommunikation, Kultur. So finden wir gemeinsam einen Weg, der am besten zu Ihrer Situation und zu Ihnen passt.<\/p>\t\t\t\t\t\t\t\t<\/div>\n\t\t\t\t<\/div>\n\t\t\t\t\t<\/div>\n\t\t<\/div>\n\t\t\t\t\t<\/div>\n\t\t<\/section>\n\t\t\t\t<section class=\"elementor-section elementor-top-section elementor-element elementor-element-e1cef6e elementor-section-boxed elementor-section-height-default elementor-section-height-default\" data-id=\"e1cef6e\" data-element_type=\"section\" data-settings=\"{&quot;background_background&quot;:&quot;classic&quot;}\">\n\t\t\t\t\t\t<div class=\"elementor-container elementor-column-gap-default\">\n\t\t\t\t\t<div class=\"elementor-column elementor-col-100 elementor-top-column elementor-element elementor-element-b8eff88\" data-id=\"b8eff88\" data-element_type=\"column\">\n\t\t\t<div class=\"elementor-widget-wrap elementor-element-populated\">\n\t\t\t\t\t\t<div class=\"elementor-element elementor-element-5046aa1 elementor-widget elementor-widget-heading\" data-id=\"5046aa1\" data-element_type=\"widget\" data-widget_type=\"heading.default\">\n\t\t\t\t<div class=\"elementor-widget-container\">\n\t\t\t\t\t<h2 class=\"elementor-heading-title elementor-size-default\">Sprechen wir miteinander<\/h2>\t\t\t\t<\/div>\n\t\t\t\t<\/div>\n\t\t\t\t<div class=\"elementor-element elementor-element-8715fb9 elementor-widget elementor-widget-text-editor\" data-id=\"8715fb9\" data-element_type=\"widget\" data-widget_type=\"text-editor.default\">\n\t\t\t\t<div class=\"elementor-widget-container\">\n\t\t\t\t\t\t\t\t\t<p>F\u00fcr Schw\u00e4chen im F\u00fchrungsverhalten zahlen alle Beteiligten einen hohen Preis \u2013 die Unternehmen, die Mitarbeitenden und die F\u00fchrungskr\u00e4fte. Es gibt keinen Grund, dies einfach hinzunehmen. Sprechen Sie mich an.<\/p>\t\t\t\t\t\t\t\t<\/div>\n\t\t\t\t<\/div>\n\t\t\t\t\t<\/div>\n\t\t<\/div>\n\t\t\t\t\t<\/div>\n\t\t<\/section>\n\t\t\t\t<section class=\"elementor-section elementor-top-section elementor-element elementor-element-15ee4788 elementor-section-boxed elementor-section-height-default elementor-section-height-default\" data-id=\"15ee4788\" data-element_type=\"section\">\n\t\t\t\t\t\t<div class=\"elementor-container elementor-column-gap-default\">\n\t\t\t\t\t<div class=\"elementor-column elementor-col-100 elementor-top-column elementor-element elementor-element-2652d722\" data-id=\"2652d722\" data-element_type=\"column\">\n\t\t\t<div class=\"elementor-widget-wrap elementor-element-populated\">\n\t\t\t\t\t\t<div class=\"elementor-element elementor-element-bc220c0 elementor-widget-divider--view-line elementor-widget elementor-widget-divider\" data-id=\"bc220c0\" data-element_type=\"widget\" data-widget_type=\"divider.default\">\n\t\t\t\t<div class=\"elementor-widget-container\">\n\t\t\t\t\t\t\t<div class=\"elementor-divider\">\n\t\t\t<span class=\"elementor-divider-separator\">\n\t\t\t\t\t\t<\/span>\n\t\t<\/div>\n\t\t\t\t\t\t<\/div>\n\t\t\t\t<\/div>\n\t\t\t\t<section class=\"elementor-section elementor-inner-section elementor-element elementor-element-53f323f4 elementor-section-boxed elementor-section-height-default elementor-section-height-default\" data-id=\"53f323f4\" data-element_type=\"section\">\n\t\t\t\t\t\t<div class=\"elementor-container elementor-column-gap-default\">\n\t\t\t\t\t<div class=\"elementor-column elementor-col-33 elementor-inner-column elementor-element elementor-element-1278129\" data-id=\"1278129\" data-element_type=\"column\">\n\t\t\t<div class=\"elementor-widget-wrap elementor-element-populated\">\n\t\t\t\t\t\t<div class=\"elementor-element elementor-element-2937a971 elementor-widget elementor-widget-text-editor\" data-id=\"2937a971\" data-element_type=\"widget\" data-widget_type=\"text-editor.default\">\n\t\t\t\t<div class=\"elementor-widget-container\">\n\t\t\t\t\t\t\t\t\t<p>Lassen sie uns miteinander sprechen<\/p>\t\t\t\t\t\t\t\t<\/div>\n\t\t\t\t<\/div>\n\t\t\t\t\t<\/div>\n\t\t<\/div>\n\t\t\t\t<div class=\"elementor-column elementor-col-33 elementor-inner-column elementor-element elementor-element-48c47381\" data-id=\"48c47381\" data-element_type=\"column\">\n\t\t\t<div class=\"elementor-widget-wrap elementor-element-populated\">\n\t\t\t\t\t\t<div class=\"elementor-element elementor-element-1557ad75 elementor-widget elementor-widget-image\" data-id=\"1557ad75\" data-element_type=\"widget\" data-widget_type=\"image.default\">\n\t\t\t\t<div class=\"elementor-widget-container\">\n\t\t\t\t\t\t\t\t\t\t\t\t\t\t\t<img decoding=\"async\" width=\"156\" height=\"156\" src=\"https:\/\/perspectify.de\/wp-content\/uploads\/2023\/06\/Martina_Portrait_medium.png\" class=\"attachment-full size-full wp-image-113\" alt=\"\" srcset=\"https:\/\/perspectify.de\/wp-content\/uploads\/2023\/06\/Martina_Portrait_medium.png 156w, https:\/\/perspectify.de\/wp-content\/uploads\/2023\/06\/Martina_Portrait_medium-150x150.png 150w\" sizes=\"(max-width: 156px) 100vw, 156px\" \/>\t\t\t\t\t\t\t\t\t\t\t\t\t\t\t<\/div>\n\t\t\t\t<\/div>\n\t\t\t\t\t<\/div>\n\t\t<\/div>\n\t\t\t\t<div class=\"elementor-column elementor-col-33 elementor-inner-column elementor-element elementor-element-7af1e14\" data-id=\"7af1e14\" data-element_type=\"column\">\n\t\t\t<div class=\"elementor-widget-wrap elementor-element-populated\">\n\t\t\t\t\t\t<div class=\"elementor-element elementor-element-4ca1937f elementor-widget elementor-widget-text-editor\" data-id=\"4ca1937f\" data-element_type=\"widget\" data-widget_type=\"text-editor.default\">\n\t\t\t\t<div class=\"elementor-widget-container\">\n\t\t\t\t\t\t\t\t\t<p>martina.eberl@perspectify.de<br \/>+49 151 23557431<\/p>\t\t\t\t\t\t\t\t<\/div>\n\t\t\t\t<\/div>\n\t\t\t\t\t<\/div>\n\t\t<\/div>\n\t\t\t\t\t<\/div>\n\t\t<\/section>\n\t\t\t\t\t<\/div>\n\t\t<\/div>\n\t\t\t\t\t<\/div>\n\t\t<\/section>\n\t\t\t\t<section class=\"elementor-section elementor-top-section elementor-element elementor-element-1cb1051e elementor-section-boxed elementor-section-height-default elementor-section-height-default\" data-id=\"1cb1051e\" data-element_type=\"section\">\n\t\t\t\t\t\t<div class=\"elementor-container elementor-column-gap-default\">\n\t\t\t\t\t<div class=\"elementor-column elementor-col-100 elementor-top-column elementor-element elementor-element-b58ee99\" data-id=\"b58ee99\" data-element_type=\"column\">\n\t\t\t<div class=\"elementor-widget-wrap elementor-element-populated\">\n\t\t\t\t\t\t<div class=\"elementor-element elementor-element-254ea25f elementor-widget elementor-widget-image\" data-id=\"254ea25f\" data-element_type=\"widget\" data-widget_type=\"image.default\">\n\t\t\t\t<div class=\"elementor-widget-container\">\n\t\t\t\t\t\t\t\t\t\t\t\t\t\t\t<img decoding=\"async\" width=\"157\" height=\"208\" src=\"https:\/\/perspectify.de\/wp-content\/uploads\/2023\/06\/Martina_Footer.png\" class=\"attachment-full size-full wp-image-111\" alt=\"\" \/>\t\t\t\t\t\t\t\t\t\t\t\t\t\t\t<\/div>\n\t\t\t\t<\/div>\n\t\t\t\t\t<\/div>\n\t\t<\/div>\n\t\t\t\t\t<\/div>\n\t\t<\/section>\n\t\t\t\t<\/div>\n\t\t","protected":false},"excerpt":{"rendered":"<p>Probleme in der F\u00fchrungsouver\u00e4n l\u00f6sen F\u00fchrungskompetenzen aufbauen Qualit\u00e4t der F\u00fchrungsarbeit Das richtige Gesch\u00e4ftsmodell, zufriedene KundInnen und gute Ergebnisse sind wichtig, um als Unternehmen erfolgreich zu sein. Nur ist es nicht alles: H\u00e4ufig entscheidet die Qualit\u00e4t der F\u00fchrungsarbeit \u00fcber Erfolg oder Misserfolg. Doch die F\u00fchrungsaufgaben werden vielf\u00e4ltiger und anspruchsvoller. Um diese und k\u00fcnftige Herausforderungen zu meistern, [&hellip;]<\/p>\n","protected":false},"author":1,"featured_media":0,"parent":0,"menu_order":0,"comment_status":"closed","ping_status":"closed","template":"","meta":{"footnotes":""},"class_list":["post-629","page","type-page","status-publish","hentry"],"_links":{"self":[{"href":"https:\/\/perspectify.de\/index.php?rest_route=\/wp\/v2\/pages\/629","targetHints":{"allow":["GET"]}}],"collection":[{"href":"https:\/\/perspectify.de\/index.php?rest_route=\/wp\/v2\/pages"}],"about":[{"href":"https:\/\/perspectify.de\/index.php?rest_route=\/wp\/v2\/types\/page"}],"author":[{"embeddable":true,"href":"https:\/\/perspectify.de\/index.php?rest_route=\/wp\/v2\/users\/1"}],"replies":[{"embeddable":true,"href":"https:\/\/perspectify.de\/index.php?rest_route=%2Fwp%2Fv2%2Fcomments&post=629"}],"version-history":[{"count":0,"href":"https:\/\/perspectify.de\/index.php?rest_route=\/wp\/v2\/pages\/629\/revisions"}],"wp:attachment":[{"href":"https:\/\/perspectify.de\/index.php?rest_route=%2Fwp%2Fv2%2Fmedia&parent=629"}],"curies":[{"name":"wp","href":"https:\/\/api.w.org\/{rel}","templated":true}]}}