{"id":624,"date":"2023-09-24T17:11:25","date_gmt":"2023-09-24T17:11:25","guid":{"rendered":"https:\/\/perspectify.de\/?page_id=624"},"modified":"2023-10-15T15:19:20","modified_gmt":"2023-10-15T15:19:20","slug":"organisationsentwicklung","status":"publish","type":"page","link":"https:\/\/perspectify.de\/?page_id=624","title":{"rendered":"Organisationsentwicklung"},"content":{"rendered":"\t\t<div data-elementor-type=\"wp-page\" data-elementor-id=\"624\" class=\"elementor elementor-624\" data-elementor-post-type=\"page\">\n\t\t\t\t\t\t<section class=\"elementor-section elementor-top-section elementor-element elementor-element-50175df0 elementor-section-boxed elementor-section-height-default elementor-section-height-default\" data-id=\"50175df0\" data-element_type=\"section\" data-e-type=\"section\" data-settings=\"{&quot;background_background&quot;:&quot;classic&quot;}\">\n\t\t\t\t\t\t<div class=\"elementor-container elementor-column-gap-default\">\n\t\t\t\t\t<div class=\"elementor-column elementor-col-100 elementor-top-column elementor-element elementor-element-358cabe9\" data-id=\"358cabe9\" data-element_type=\"column\" data-e-type=\"column\" data-settings=\"{&quot;background_background&quot;:&quot;classic&quot;}\">\n\t\t\t<div class=\"elementor-widget-wrap elementor-element-populated\">\n\t\t\t\t\t\t<div class=\"elementor-element elementor-element-2832a82f elementor-widget elementor-widget-image\" data-id=\"2832a82f\" data-element_type=\"widget\" data-e-type=\"widget\" data-widget_type=\"image.default\">\n\t\t\t\t<div class=\"elementor-widget-container\">\n\t\t\t\t\t\t\t\t\t\t\t\t\t\t\t<img fetchpriority=\"high\" decoding=\"async\" width=\"1199\" height=\"157\" src=\"https:\/\/perspectify.de\/wp-content\/uploads\/2023\/08\/Ebene_1-2-1-1.svg\" class=\"attachment-full size-full wp-image-240\" alt=\"\" \/>\t\t\t\t\t\t\t\t\t\t\t\t\t\t\t<\/div>\n\t\t\t\t<\/div>\n\t\t\t\t<div class=\"elementor-element elementor-element-5f97059c elementor-widget elementor-widget-text-editor\" data-id=\"5f97059c\" data-element_type=\"widget\" data-e-type=\"widget\" data-widget_type=\"text-editor.default\">\n\t\t\t\t<div class=\"elementor-widget-container\">\n\t\t\t\t\t\t\t\t\t<h1>Gew\u00fcnschte Ver\u00e4nderungen<br>voranbringen<\/h1>\t\t\t\t\t\t\t\t<\/div>\n\t\t\t\t<\/div>\n\t\t\t\t<div class=\"elementor-element elementor-element-14895efe elementor-widget elementor-widget-text-editor\" data-id=\"14895efe\" data-element_type=\"widget\" data-e-type=\"widget\" data-widget_type=\"text-editor.default\">\n\t\t\t\t<div class=\"elementor-widget-container\">\n\t\t\t\t\t\t\t\t\t<div style=\"color: ##373737;\">Die F\u00e4higkeiten der Organisation erweitern<\/div>\t\t\t\t\t\t\t\t<\/div>\n\t\t\t\t<\/div>\n\t\t\t\t\t<\/div>\n\t\t<\/div>\n\t\t\t\t\t<\/div>\n\t\t<\/section>\n\t\t\t\t<section class=\"elementor-section elementor-top-section elementor-element elementor-element-a1941f8 elementor-section-boxed elementor-section-height-default elementor-section-height-default\" data-id=\"a1941f8\" data-element_type=\"section\" data-e-type=\"section\" data-settings=\"{&quot;background_background&quot;:&quot;classic&quot;}\">\n\t\t\t\t\t\t<div class=\"elementor-container elementor-column-gap-default\">\n\t\t\t\t\t<div class=\"elementor-column elementor-col-100 elementor-top-column elementor-element elementor-element-2af03a5a\" data-id=\"2af03a5a\" data-element_type=\"column\" data-e-type=\"column\">\n\t\t\t<div class=\"elementor-widget-wrap elementor-element-populated\">\n\t\t\t\t\t\t<div class=\"elementor-element elementor-element-58a05ff elementor-widget elementor-widget-heading\" data-id=\"58a05ff\" data-element_type=\"widget\" data-e-type=\"widget\" data-widget_type=\"heading.default\">\n\t\t\t\t<div class=\"elementor-widget-container\">\n\t\t\t\t\t<h2 class=\"elementor-heading-title elementor-size-default\">Kennen Sie solche Herausforderungen:<\/h2>\t\t\t\t<\/div>\n\t\t\t\t<\/div>\n\t\t\t\t<div class=\"elementor-element elementor-element-53a4c51 elementor-widget elementor-widget-text-editor\" data-id=\"53a4c51\" data-element_type=\"widget\" data-e-type=\"widget\" data-widget_type=\"text-editor.default\">\n\t\t\t\t<div class=\"elementor-widget-container\">\n\t\t\t\t\t\t\t\t\t<ul><li>Kompetente MitarbeiterInnen verlassen das Unternehmen.<\/li><li>Es ist schwierig offene Stellen nachzubesetzen.<\/li><li>In der Zusammenarbeit knirscht es.<\/li><li>Kommentare von unzufriedenen KundInnen sch\u00e4digen das Image.<\/li><li>Entwicklungsangebote bringen nicht die erw\u00fcnschte Wirkung.<\/li><li>Strategien sollen umgesetzt und MitarbeiterInnen auf Ver\u00e4nderungen eingeschworen werden.<\/li><li>Neue Aufgaben und Anforderungen sollen schnell beherrscht werden<\/li><\/ul>\t\t\t\t\t\t\t\t<\/div>\n\t\t\t\t<\/div>\n\t\t\t\t\t<\/div>\n\t\t<\/div>\n\t\t\t\t\t<\/div>\n\t\t<\/section>\n\t\t\t\t<section class=\"elementor-section elementor-top-section elementor-element elementor-element-495be9aa elementor-section-boxed elementor-section-height-default elementor-section-height-default\" data-id=\"495be9aa\" data-element_type=\"section\" data-e-type=\"section\" data-settings=\"{&quot;background_background&quot;:&quot;classic&quot;}\">\n\t\t\t\t\t\t<div class=\"elementor-container elementor-column-gap-default\">\n\t\t\t\t\t<div class=\"elementor-column elementor-col-100 elementor-top-column elementor-element elementor-element-11ddfb70\" data-id=\"11ddfb70\" data-element_type=\"column\" data-e-type=\"column\">\n\t\t\t<div class=\"elementor-widget-wrap elementor-element-populated\">\n\t\t\t\t\t\t<div class=\"elementor-element elementor-element-79981c87 elementor-widget elementor-widget-text-editor\" data-id=\"79981c87\" data-element_type=\"widget\" data-e-type=\"widget\" data-widget_type=\"text-editor.default\">\n\t\t\t\t<div class=\"elementor-widget-container\">\n\t\t\t\t\t\t\t\t\t<p>Sie sollen neben dem Tagesgesch\u00e4ft anspruchsvolle Ver\u00e4nderungen umsetzen. Ihr Terminplan ist jedoch randvoll.<\/p>\t\t\t\t\t\t\t\t<\/div>\n\t\t\t\t<\/div>\n\t\t\t\t<div class=\"elementor-element elementor-element-66ef44a7 elementor-widget elementor-widget-text-editor\" data-id=\"66ef44a7\" data-element_type=\"widget\" data-e-type=\"widget\" data-widget_type=\"text-editor.default\">\n\t\t\t\t<div class=\"elementor-widget-container\">\n\t\t\t\t\t\t\t\t\t<p>Sie fragen sich, wann das alles geschehen soll und wer das machen soll. Vielleicht sehen Sie Ihre Kompetenzen auch an anderer Stelle oder es fehlt Ihnen schlicht die Zeit, sich laufend in neue Themen einzuarbeiten.<\/p><p><strong>Was halten Sie davon, einen Teil Ihrer Aufgaben abzugeben?<\/strong><br \/>Gerne unterst\u00fctze und begleite ich Sie dabei, Herausforderungen rund um die Themen, F\u00fchrung und Kompetenzentwicklung zu l\u00f6sen. So sparen Sie Zeit, Energie und Ressourcen.<br \/><br \/>Unternehmen ohne eigener Personalentwicklung helfe ich als Sparringpartnerin zu HR-Themen, bei der Gestaltung und Umsetzung von Personalentwicklungsvorhaben und als Interim-Personalentwicklerin.<br \/><br \/>Der Output ist am gr\u00f6\u00dften, wenn jeder das tut, worin er stark ist. Meine St\u00e4rke ist es, Menschen und Organisationen dabei zu helfen, sich weiterzuentwickeln. Wenn Sie sich meine Kraft und meine Kompetenz an Ihrer Seite w\u00fcnschen, setze ich mich f\u00fcr Sie ein. Die richtige L\u00f6sung h\u00e4ngt vom gew\u00fcnschten Ergebnis, den Rahmenbedingungen und dem Umfeld ab. Wir finden gemeinsam einen Ansatz, der zu Ihnen und Ihrem Unternehmen passt.<\/p>\t\t\t\t\t\t\t\t<\/div>\n\t\t\t\t<\/div>\n\t\t\t\t\t<\/div>\n\t\t<\/div>\n\t\t\t\t\t<\/div>\n\t\t<\/section>\n\t\t\t\t<section class=\"elementor-section elementor-top-section elementor-element elementor-element-5f851c21 elementor-section-boxed elementor-section-height-default elementor-section-height-default\" data-id=\"5f851c21\" data-element_type=\"section\" data-e-type=\"section\" data-settings=\"{&quot;background_background&quot;:&quot;classic&quot;}\">\n\t\t\t\t\t\t<div class=\"elementor-container elementor-column-gap-default\">\n\t\t\t\t\t<div class=\"elementor-column elementor-col-100 elementor-top-column elementor-element elementor-element-4136335a\" data-id=\"4136335a\" data-element_type=\"column\" data-e-type=\"column\">\n\t\t\t<div class=\"elementor-widget-wrap elementor-element-populated\">\n\t\t\t\t\t\t<div class=\"elementor-element elementor-element-47182f20 elementor-widget elementor-widget-heading\" data-id=\"47182f20\" data-element_type=\"widget\" data-e-type=\"widget\" data-widget_type=\"heading.default\">\n\t\t\t\t<div class=\"elementor-widget-container\">\n\t\t\t\t\t<h2 class=\"elementor-heading-title elementor-size-default\">Nachhaltige Personalentwicklung ist mein Spezialgebiet<\/h2>\t\t\t\t<\/div>\n\t\t\t\t<\/div>\n\t\t\t\t<div class=\"elementor-element elementor-element-7c21ff52 elementor-widget elementor-widget-text-editor\" data-id=\"7c21ff52\" data-element_type=\"widget\" data-e-type=\"widget\" data-widget_type=\"text-editor.default\">\n\t\t\t\t<div class=\"elementor-widget-container\">\n\t\t\t\t\t\t\t\t\t<p>Jeder meiner KundInnen ist einzigartig. Und so behandle ich auch jeden Auftrag. Ich gehe den Anliegen meiner KundInnen auf dem Grund, um passende Ma\u00dfnahmen zu designen. Daf\u00fcr h\u00f6re ich gut zu, mit Empathie, Wertsch\u00e4tzung und einem (systemischen) Blick f\u00fcr das gew\u00fcnschte Ergebnis. Ich erlaube mir auch heikle Fragen zu stellen, um zu Kern vorzudringen, Zusammenh\u00e4nge zu erkennen und Klarheit zu gewinnen. Das kann gelegentlich unbequem sein, f\u00fchrt aber meist zu besseren Ergebnissen. So wird jedes Konzept ein Unikat \u2013 zugeschnitten auf die W\u00fcnsche, Bed\u00fcrfnisse und Ziele meiner KundInnen.<\/p>\t\t\t\t\t\t\t\t<\/div>\n\t\t\t\t<\/div>\n\t\t\t\t\t<\/div>\n\t\t<\/div>\n\t\t\t\t\t<\/div>\n\t\t<\/section>\n\t\t\t\t<section class=\"elementor-section elementor-top-section elementor-element elementor-element-5b175422 elementor-section-boxed elementor-section-height-default elementor-section-height-default\" data-id=\"5b175422\" data-element_type=\"section\" data-e-type=\"section\">\n\t\t\t\t\t\t<div class=\"elementor-container elementor-column-gap-default\">\n\t\t\t\t\t<div class=\"elementor-column elementor-col-100 elementor-top-column elementor-element elementor-element-716ea16\" data-id=\"716ea16\" data-element_type=\"column\" data-e-type=\"column\">\n\t\t\t<div class=\"elementor-widget-wrap elementor-element-populated\">\n\t\t\t\t\t\t<div class=\"elementor-element elementor-element-64ac7166 elementor-widget-divider--view-line elementor-widget elementor-widget-divider\" data-id=\"64ac7166\" data-element_type=\"widget\" data-e-type=\"widget\" data-widget_type=\"divider.default\">\n\t\t\t\t<div class=\"elementor-widget-container\">\n\t\t\t\t\t\t\t<div class=\"elementor-divider\">\n\t\t\t<span class=\"elementor-divider-separator\">\n\t\t\t\t\t\t<\/span>\n\t\t<\/div>\n\t\t\t\t\t\t<\/div>\n\t\t\t\t<\/div>\n\t\t\t\t<section class=\"elementor-section elementor-inner-section elementor-element elementor-element-147ee119 elementor-section-boxed elementor-section-height-default elementor-section-height-default\" data-id=\"147ee119\" data-element_type=\"section\" data-e-type=\"section\">\n\t\t\t\t\t\t<div class=\"elementor-container elementor-column-gap-default\">\n\t\t\t\t\t<div class=\"elementor-column elementor-col-33 elementor-inner-column elementor-element elementor-element-7d819463\" data-id=\"7d819463\" data-element_type=\"column\" data-e-type=\"column\">\n\t\t\t<div class=\"elementor-widget-wrap elementor-element-populated\">\n\t\t\t\t\t\t<div class=\"elementor-element elementor-element-7467c4c elementor-widget elementor-widget-text-editor\" data-id=\"7467c4c\" data-element_type=\"widget\" data-e-type=\"widget\" data-widget_type=\"text-editor.default\">\n\t\t\t\t<div class=\"elementor-widget-container\">\n\t\t\t\t\t\t\t\t\t<p>Lassen sie uns miteinander sprechen<\/p>\t\t\t\t\t\t\t\t<\/div>\n\t\t\t\t<\/div>\n\t\t\t\t\t<\/div>\n\t\t<\/div>\n\t\t\t\t<div class=\"elementor-column elementor-col-33 elementor-inner-column elementor-element elementor-element-52c3ec36\" data-id=\"52c3ec36\" data-element_type=\"column\" data-e-type=\"column\">\n\t\t\t<div class=\"elementor-widget-wrap elementor-element-populated\">\n\t\t\t\t\t\t<div class=\"elementor-element elementor-element-2301c1e6 elementor-widget elementor-widget-image\" data-id=\"2301c1e6\" data-element_type=\"widget\" data-e-type=\"widget\" data-widget_type=\"image.default\">\n\t\t\t\t<div class=\"elementor-widget-container\">\n\t\t\t\t\t\t\t\t\t\t\t\t\t\t\t<img decoding=\"async\" width=\"156\" height=\"156\" src=\"https:\/\/perspectify.de\/wp-content\/uploads\/2023\/06\/Martina_Portrait_medium.png\" class=\"attachment-full size-full wp-image-113\" alt=\"\" srcset=\"https:\/\/perspectify.de\/wp-content\/uploads\/2023\/06\/Martina_Portrait_medium.png 156w, https:\/\/perspectify.de\/wp-content\/uploads\/2023\/06\/Martina_Portrait_medium-150x150.png 150w\" sizes=\"(max-width: 156px) 100vw, 156px\" \/>\t\t\t\t\t\t\t\t\t\t\t\t\t\t\t<\/div>\n\t\t\t\t<\/div>\n\t\t\t\t\t<\/div>\n\t\t<\/div>\n\t\t\t\t<div class=\"elementor-column elementor-col-33 elementor-inner-column elementor-element elementor-element-1bbe766\" data-id=\"1bbe766\" data-element_type=\"column\" data-e-type=\"column\">\n\t\t\t<div class=\"elementor-widget-wrap elementor-element-populated\">\n\t\t\t\t\t\t<div class=\"elementor-element elementor-element-6c99826c elementor-widget elementor-widget-text-editor\" data-id=\"6c99826c\" data-element_type=\"widget\" data-e-type=\"widget\" data-widget_type=\"text-editor.default\">\n\t\t\t\t<div class=\"elementor-widget-container\">\n\t\t\t\t\t\t\t\t\t<p>martina.eberl@perspectify.de<br \/>+49 151 23557431<\/p>\t\t\t\t\t\t\t\t<\/div>\n\t\t\t\t<\/div>\n\t\t\t\t\t<\/div>\n\t\t<\/div>\n\t\t\t\t\t<\/div>\n\t\t<\/section>\n\t\t\t\t\t<\/div>\n\t\t<\/div>\n\t\t\t\t\t<\/div>\n\t\t<\/section>\n\t\t\t\t<section class=\"elementor-section elementor-top-section elementor-element elementor-element-289795c3 elementor-section-boxed elementor-section-height-default elementor-section-height-default\" data-id=\"289795c3\" data-element_type=\"section\" data-e-type=\"section\">\n\t\t\t\t\t\t<div class=\"elementor-container elementor-column-gap-default\">\n\t\t\t\t\t<div class=\"elementor-column elementor-col-100 elementor-top-column elementor-element elementor-element-d2db542\" data-id=\"d2db542\" data-element_type=\"column\" data-e-type=\"column\">\n\t\t\t<div class=\"elementor-widget-wrap elementor-element-populated\">\n\t\t\t\t\t\t<div class=\"elementor-element elementor-element-69bb7870 elementor-widget elementor-widget-image\" data-id=\"69bb7870\" data-element_type=\"widget\" data-e-type=\"widget\" data-widget_type=\"image.default\">\n\t\t\t\t<div class=\"elementor-widget-container\">\n\t\t\t\t\t\t\t\t\t\t\t\t\t\t\t<img decoding=\"async\" width=\"157\" height=\"208\" src=\"https:\/\/perspectify.de\/wp-content\/uploads\/2023\/06\/Martina_Footer.png\" class=\"attachment-full size-full wp-image-111\" alt=\"\" \/>\t\t\t\t\t\t\t\t\t\t\t\t\t\t\t<\/div>\n\t\t\t\t<\/div>\n\t\t\t\t\t<\/div>\n\t\t<\/div>\n\t\t\t\t\t<\/div>\n\t\t<\/section>\n\t\t\t\t<\/div>\n\t\t","protected":false},"excerpt":{"rendered":"<p>Gew\u00fcnschte Ver\u00e4nderungenvoranbringen Die F\u00e4higkeiten der Organisation erweitern Kennen Sie solche Herausforderungen: Kompetente MitarbeiterInnen verlassen das Unternehmen. Es ist schwierig offene Stellen nachzubesetzen. In der Zusammenarbeit knirscht es. Kommentare von unzufriedenen KundInnen sch\u00e4digen das Image. Entwicklungsangebote bringen nicht die erw\u00fcnschte Wirkung. Strategien sollen umgesetzt und MitarbeiterInnen auf Ver\u00e4nderungen eingeschworen werden. Neue Aufgaben und Anforderungen sollen schnell [&hellip;]<\/p>\n","protected":false},"author":1,"featured_media":0,"parent":0,"menu_order":0,"comment_status":"closed","ping_status":"closed","template":"","meta":{"footnotes":""},"class_list":["post-624","page","type-page","status-publish","hentry"],"_links":{"self":[{"href":"https:\/\/perspectify.de\/index.php?rest_route=\/wp\/v2\/pages\/624","targetHints":{"allow":["GET"]}}],"collection":[{"href":"https:\/\/perspectify.de\/index.php?rest_route=\/wp\/v2\/pages"}],"about":[{"href":"https:\/\/perspectify.de\/index.php?rest_route=\/wp\/v2\/types\/page"}],"author":[{"embeddable":true,"href":"https:\/\/perspectify.de\/index.php?rest_route=\/wp\/v2\/users\/1"}],"replies":[{"embeddable":true,"href":"https:\/\/perspectify.de\/index.php?rest_route=%2Fwp%2Fv2%2Fcomments&post=624"}],"version-history":[{"count":0,"href":"https:\/\/perspectify.de\/index.php?rest_route=\/wp\/v2\/pages\/624\/revisions"}],"wp:attachment":[{"href":"https:\/\/perspectify.de\/index.php?rest_route=%2Fwp%2Fv2%2Fmedia&parent=624"}],"curies":[{"name":"wp","href":"https:\/\/api.w.org\/{rel}","templated":true}]}}